{"id":311,"date":"2024-04-11T16:43:38","date_gmt":"2024-04-11T16:43:38","guid":{"rendered":"https:\/\/adamiparis.com\/?page_id=311"},"modified":"2025-09-27T10:59:58","modified_gmt":"2025-09-27T10:59:58","slug":"reservation","status":"publish","type":"page","link":"https:\/\/adamiparis.com\/index.php\/reservation\/","title":{"rendered":"R\u00e9servation"},"content":{"rendered":"<p><div class=\"fusion-fullwidth fullwidth-box fusion-builder-row-1 fusion-flex-container has-pattern-background has-mask-background nonhundred-percent-fullwidth non-hundred-percent-height-scrolling\" style=\"--awb-border-radius-top-left:0px;--awb-border-radius-top-right:0px;--awb-border-radius-bottom-right:0px;--awb-border-radius-bottom-left:0px;--awb-margin-top:150px;--awb-flex-wrap:wrap;\" ><div class=\"fusion-builder-row fusion-row fusion-flex-align-items-flex-start fusion-flex-content-wrap\" style=\"max-width:1248px;margin-left: calc(-4% \/ 2 );margin-right: calc(-4% \/ 2 );\"><div class=\"fusion-layout-column fusion_builder_column fusion-builder-column-0 fusion_builder_column_1_1 1_1 fusion-flex-column\" style=\"--awb-bg-size:cover;--awb-width-large:100%;--awb-margin-top-large:0px;--awb-spacing-right-large:1.92%;--awb-margin-bottom-large:20px;--awb-spacing-left-large:1.92%;--awb-width-medium:100%;--awb-order-medium:0;--awb-spacing-right-medium:1.92%;--awb-spacing-left-medium:1.92%;--awb-width-small:100%;--awb-order-small:0;--awb-spacing-right-small:1.92%;--awb-spacing-left-small:1.92%;\"><div class=\"fusion-column-wrapper fusion-column-has-shadow fusion-flex-justify-content-flex-start fusion-content-layout-column\"><div class=\"fusion-title title fusion-title-1 fusion-sep-none fusion-title-text fusion-title-size-one\"><h1 class=\"fusion-title-heading title-heading-left\" style=\"margin:0;\">R\u00e9servation<\/h1><\/div><\/div><\/div><\/div><\/div><div class=\"fusion-fullwidth fullwidth-box fusion-builder-row-2 fusion-flex-container has-pattern-background has-mask-background nonhundred-percent-fullwidth non-hundred-percent-height-scrolling\" style=\"--awb-border-radius-top-left:0px;--awb-border-radius-top-right:0px;--awb-border-radius-bottom-right:0px;--awb-border-radius-bottom-left:0px;--awb-flex-wrap:wrap;\" ><div class=\"fusion-builder-row fusion-row fusion-flex-align-items-flex-start fusion-flex-justify-content-center fusion-flex-content-wrap\" style=\"max-width:1248px;margin-left: calc(-4% \/ 2 );margin-right: calc(-4% \/ 2 );\"><div class=\"fusion-layout-column fusion_builder_column fusion-builder-column-1 fusion_builder_column_1_1 1_1 fusion-flex-column fusion-flex-align-self-center\" style=\"--awb-bg-size:cover;--awb-width-large:100%;--awb-margin-top-large:0px;--awb-spacing-right-large:1.92%;--awb-margin-bottom-large:20px;--awb-spacing-left-large:1.92%;--awb-width-medium:100%;--awb-order-medium:0;--awb-spacing-right-medium:1.92%;--awb-spacing-left-medium:1.92%;--awb-width-small:100%;--awb-order-small:0;--awb-spacing-right-small:1.92%;--awb-spacing-left-small:1.92%;\" data-motion-effects=\"[{&quot;type&quot;:&quot;&quot;,&quot;scroll_type&quot;:&quot;transition&quot;,&quot;scroll_direction&quot;:&quot;up&quot;,&quot;transition_speed&quot;:&quot;1&quot;,&quot;fade_type&quot;:&quot;in&quot;,&quot;scale_type&quot;:&quot;up&quot;,&quot;initial_scale&quot;:&quot;1&quot;,&quot;max_scale&quot;:&quot;1.5&quot;,&quot;min_scale&quot;:&quot;0.5&quot;,&quot;initial_rotate&quot;:&quot;0&quot;,&quot;end_rotate&quot;:&quot;30&quot;,&quot;initial_blur&quot;:&quot;0&quot;,&quot;end_blur&quot;:&quot;3&quot;,&quot;start_element&quot;:&quot;top&quot;,&quot;start_viewport&quot;:&quot;bottom&quot;,&quot;end_element&quot;:&quot;bottom&quot;,&quot;end_viewport&quot;:&quot;top&quot;,&quot;mouse_effect&quot;:&quot;track&quot;,&quot;mouse_effect_direction&quot;:&quot;opposite&quot;,&quot;mouse_effect_speed&quot;:&quot;2&quot;,&quot;infinite_animation&quot;:&quot;float&quot;,&quot;infinite_animation_speed&quot;:&quot;2&quot;}]\" data-scroll-devices=\"small-visibility,medium-visibility,large-visibility\"><div class=\"fusion-column-wrapper fusion-column-has-shadow fusion-flex-justify-content-center fusion-content-layout-row\"><iframe src=\"https:\/\/bookings.zenchef.com\/results?rid=363671&pid=1001\" allowtransparency=\"true\" style=\"height:700px;width:800px;background-color:#fff2db;\" title=\"Adami reservations\"><\/iframe><\/div><\/div><\/div><\/div><\/p>\n","protected":false},"excerpt":{"rendered":"","protected":false},"author":1,"featured_media":0,"parent":0,"menu_order":0,"comment_status":"closed","ping_status":"closed","template":"","meta":{"footnotes":""},"class_list":["post-311","page","type-page","status-publish","hentry"],"acf":[],"yoast_head":"<!-- This site is optimized with the Yoast SEO plugin v26.0 - https:\/\/yoast.com\/wordpress\/plugins\/seo\/ -->\n<title>R\u00e9servation Adami Pigalle<\/title>\n<meta name=\"description\" content=\"Nous sommes ouverts du mardi au samedi, pour le d\u00e9jeuner et le d\u00eener.Notre restaurant dispose d&#039;un certain nombre de places dans la salle et d&#039;une douzaine au comptoir en marbre face \u00e0 la cuisine et au chef cuisinier, o\u00f9 les invit\u00e9s peuvent observer tout le show.\" \/>\n<meta name=\"robots\" content=\"index, follow, max-snippet:-1, max-image-preview:large, max-video-preview:-1\" \/>\n<link rel=\"canonical\" href=\"https:\/\/adamiparis.com\/index.php\/reservation\/\" \/>\n<meta property=\"og:locale\" content=\"en_US\" \/>\n<meta property=\"og:type\" content=\"article\" \/>\n<meta property=\"og:title\" content=\"R\u00e9servation Adami Pigalle\" \/>\n<meta property=\"og:description\" content=\"Nous sommes ouverts du mardi au samedi, pour le d\u00e9jeuner et le d\u00eener.Notre restaurant dispose d&#039;un certain nombre de places dans la salle et d&#039;une douzaine au comptoir en marbre face \u00e0 la cuisine et au chef cuisinier, o\u00f9 les invit\u00e9s peuvent observer tout le show.\" \/>\n<meta property=\"og:url\" content=\"https:\/\/adamiparis.com\/index.php\/reservation\/\" \/>\n<meta property=\"og:site_name\" content=\"Adami\" \/>\n<meta property=\"article:modified_time\" content=\"2025-09-27T10:59:58+00:00\" \/>\n<meta name=\"twitter:card\" content=\"summary_large_image\" \/>\n<meta name=\"twitter:label1\" content=\"Est. reading time\" \/>\n\t<meta name=\"twitter:data1\" content=\"1 minute\" \/>\n<script type=\"application\/ld+json\" class=\"yoast-schema-graph\">{\"@context\":\"https:\/\/schema.org\",\"@graph\":[{\"@type\":\"WebPage\",\"@id\":\"https:\/\/adamiparis.com\/index.php\/reservation\/\",\"url\":\"https:\/\/adamiparis.com\/index.php\/reservation\/\",\"name\":\"R\u00e9servation Adami Pigalle\",\"isPartOf\":{\"@id\":\"https:\/\/adamiparis.com\/#website\"},\"datePublished\":\"2024-04-11T16:43:38+00:00\",\"dateModified\":\"2025-09-27T10:59:58+00:00\",\"description\":\"Nous sommes ouverts du mardi au samedi, pour le d\u00e9jeuner et le d\u00eener.Notre restaurant dispose d'un certain nombre de places dans la salle et d'une douzaine au comptoir en marbre face \u00e0 la cuisine et au chef cuisinier, o\u00f9 les invit\u00e9s peuvent observer tout le show.\",\"breadcrumb\":{\"@id\":\"https:\/\/adamiparis.com\/index.php\/reservation\/#breadcrumb\"},\"inLanguage\":\"en-US\",\"potentialAction\":[{\"@type\":\"ReadAction\",\"target\":[\"https:\/\/adamiparis.com\/index.php\/reservation\/\"]}]},{\"@type\":\"BreadcrumbList\",\"@id\":\"https:\/\/adamiparis.com\/index.php\/reservation\/#breadcrumb\",\"itemListElement\":[{\"@type\":\"ListItem\",\"position\":1,\"name\":\"Home\",\"item\":\"https:\/\/adamiparis.com\/index.php\/en\/home\/\"},{\"@type\":\"ListItem\",\"position\":2,\"name\":\"R\u00e9servation\"}]},{\"@type\":\"WebSite\",\"@id\":\"https:\/\/adamiparis.com\/#website\",\"url\":\"https:\/\/adamiparis.com\/\",\"name\":\"Adami\",\"description\":\"\",\"publisher\":{\"@id\":\"https:\/\/adamiparis.com\/#organization\"},\"potentialAction\":[{\"@type\":\"SearchAction\",\"target\":{\"@type\":\"EntryPoint\",\"urlTemplate\":\"https:\/\/adamiparis.com\/?s={search_term_string}\"},\"query-input\":{\"@type\":\"PropertyValueSpecification\",\"valueRequired\":true,\"valueName\":\"search_term_string\"}}],\"inLanguage\":\"en-US\"},{\"@type\":\"Organization\",\"@id\":\"https:\/\/adamiparis.com\/#organization\",\"name\":\"Adami\",\"url\":\"https:\/\/adamiparis.com\/\",\"logo\":{\"@type\":\"ImageObject\",\"inLanguage\":\"en-US\",\"@id\":\"https:\/\/adamiparis.com\/#\/schema\/logo\/image\/\",\"url\":\"https:\/\/adamiparis.com\/wp-content\/uploads\/2025\/09\/Adami-Logo-002.png\",\"contentUrl\":\"https:\/\/adamiparis.com\/wp-content\/uploads\/2025\/09\/Adami-Logo-002.png\",\"width\":2404,\"height\":1058,\"caption\":\"Adami\"},\"image\":{\"@id\":\"https:\/\/adamiparis.com\/#\/schema\/logo\/image\/\"},\"sameAs\":[\"https:\/\/www.instagram.com\/adamiparis\/\"]}]}<\/script>\n<!-- \/ Yoast SEO plugin. -->","yoast_head_json":{"title":"R\u00e9servation Adami Pigalle","description":"Nous sommes ouverts du mardi au samedi, pour le d\u00e9jeuner et le d\u00eener.Notre restaurant dispose d'un certain nombre de places dans la salle et d'une douzaine au comptoir en marbre face \u00e0 la cuisine et au chef cuisinier, o\u00f9 les invit\u00e9s peuvent observer tout le show.","robots":{"index":"index","follow":"follow","max-snippet":"max-snippet:-1","max-image-preview":"max-image-preview:large","max-video-preview":"max-video-preview:-1"},"canonical":"https:\/\/adamiparis.com\/index.php\/reservation\/","og_locale":"en_US","og_type":"article","og_title":"R\u00e9servation Adami Pigalle","og_description":"Nous sommes ouverts du mardi au samedi, pour le d\u00e9jeuner et le d\u00eener.Notre restaurant dispose d'un certain nombre de places dans la salle et d'une douzaine au comptoir en marbre face \u00e0 la cuisine et au chef cuisinier, o\u00f9 les invit\u00e9s peuvent observer tout le show.","og_url":"https:\/\/adamiparis.com\/index.php\/reservation\/","og_site_name":"Adami","article_modified_time":"2025-09-27T10:59:58+00:00","twitter_card":"summary_large_image","twitter_misc":{"Est. reading time":"1 minute"},"schema":{"@context":"https:\/\/schema.org","@graph":[{"@type":"WebPage","@id":"https:\/\/adamiparis.com\/index.php\/reservation\/","url":"https:\/\/adamiparis.com\/index.php\/reservation\/","name":"R\u00e9servation Adami Pigalle","isPartOf":{"@id":"https:\/\/adamiparis.com\/#website"},"datePublished":"2024-04-11T16:43:38+00:00","dateModified":"2025-09-27T10:59:58+00:00","description":"Nous sommes ouverts du mardi au samedi, pour le d\u00e9jeuner et le d\u00eener.Notre restaurant dispose d'un certain nombre de places dans la salle et d'une douzaine au comptoir en marbre face \u00e0 la cuisine et au chef cuisinier, o\u00f9 les invit\u00e9s peuvent observer tout le show.","breadcrumb":{"@id":"https:\/\/adamiparis.com\/index.php\/reservation\/#breadcrumb"},"inLanguage":"en-US","potentialAction":[{"@type":"ReadAction","target":["https:\/\/adamiparis.com\/index.php\/reservation\/"]}]},{"@type":"BreadcrumbList","@id":"https:\/\/adamiparis.com\/index.php\/reservation\/#breadcrumb","itemListElement":[{"@type":"ListItem","position":1,"name":"Home","item":"https:\/\/adamiparis.com\/index.php\/en\/home\/"},{"@type":"ListItem","position":2,"name":"R\u00e9servation"}]},{"@type":"WebSite","@id":"https:\/\/adamiparis.com\/#website","url":"https:\/\/adamiparis.com\/","name":"Adami","description":"","publisher":{"@id":"https:\/\/adamiparis.com\/#organization"},"potentialAction":[{"@type":"SearchAction","target":{"@type":"EntryPoint","urlTemplate":"https:\/\/adamiparis.com\/?s={search_term_string}"},"query-input":{"@type":"PropertyValueSpecification","valueRequired":true,"valueName":"search_term_string"}}],"inLanguage":"en-US"},{"@type":"Organization","@id":"https:\/\/adamiparis.com\/#organization","name":"Adami","url":"https:\/\/adamiparis.com\/","logo":{"@type":"ImageObject","inLanguage":"en-US","@id":"https:\/\/adamiparis.com\/#\/schema\/logo\/image\/","url":"https:\/\/adamiparis.com\/wp-content\/uploads\/2025\/09\/Adami-Logo-002.png","contentUrl":"https:\/\/adamiparis.com\/wp-content\/uploads\/2025\/09\/Adami-Logo-002.png","width":2404,"height":1058,"caption":"Adami"},"image":{"@id":"https:\/\/adamiparis.com\/#\/schema\/logo\/image\/"},"sameAs":["https:\/\/www.instagram.com\/adamiparis\/"]}]}},"_links":{"self":[{"href":"https:\/\/adamiparis.com\/index.php\/wp-json\/wp\/v2\/pages\/311","targetHints":{"allow":["GET"]}}],"collection":[{"href":"https:\/\/adamiparis.com\/index.php\/wp-json\/wp\/v2\/pages"}],"about":[{"href":"https:\/\/adamiparis.com\/index.php\/wp-json\/wp\/v2\/types\/page"}],"author":[{"embeddable":true,"href":"https:\/\/adamiparis.com\/index.php\/wp-json\/wp\/v2\/users\/1"}],"replies":[{"embeddable":true,"href":"https:\/\/adamiparis.com\/index.php\/wp-json\/wp\/v2\/comments?post=311"}],"version-history":[{"count":1,"href":"https:\/\/adamiparis.com\/index.php\/wp-json\/wp\/v2\/pages\/311\/revisions"}],"predecessor-version":[{"id":312,"href":"https:\/\/adamiparis.com\/index.php\/wp-json\/wp\/v2\/pages\/311\/revisions\/312"}],"wp:attachment":[{"href":"https:\/\/adamiparis.com\/index.php\/wp-json\/wp\/v2\/media?parent=311"}],"curies":[{"name":"wp","href":"https:\/\/api.w.org\/{rel}","templated":true}]}}