{"id":137,"date":"2024-02-19T20:56:17","date_gmt":"2024-02-19T20:56:17","guid":{"rendered":"https:\/\/adamiparis.com\/?page_id=137"},"modified":"2026-04-21T18:07:26","modified_gmt":"2026-04-21T18:07:26","slug":"echantillon-de-notre-carte","status":"publish","type":"page","link":"https:\/\/adamiparis.com\/index.php\/echantillon-de-notre-carte\/","title":{"rendered":"Echantillon de Notre Carte"},"content":{"rendered":"<p><div class=\"fusion-fullwidth fullwidth-box fusion-builder-row-1 fusion-flex-container has-pattern-background has-mask-background nonhundred-percent-fullwidth non-hundred-percent-height-scrolling fusion-no-small-visibility\" style=\"--awb-border-radius-top-left:0px;--awb-border-radius-top-right:0px;--awb-border-radius-bottom-right:0px;--awb-border-radius-bottom-left:0px;--awb-margin-top:200px;--awb-flex-wrap:wrap;\" ><div class=\"fusion-builder-row fusion-row fusion-flex-align-items-flex-start fusion-flex-content-wrap\" style=\"max-width:1248px;margin-left: calc(-4% \/ 2 );margin-right: calc(-4% \/ 2 );\"><div class=\"fusion-layout-column fusion_builder_column fusion-builder-column-0 fusion_builder_column_1_6 1_6 fusion-flex-column\" style=\"--awb-bg-size:cover;--awb-width-large:16.666666666667%;--awb-margin-top-large:0px;--awb-spacing-right-large:11.52%;--awb-margin-bottom-large:20px;--awb-spacing-left-large:11.52%;--awb-width-medium:16.666666666667%;--awb-order-medium:0;--awb-spacing-right-medium:11.52%;--awb-spacing-left-medium:11.52%;--awb-width-small:100%;--awb-order-small:0;--awb-spacing-right-small:1.92%;--awb-spacing-left-small:1.92%;\"><div class=\"fusion-column-wrapper fusion-column-has-shadow fusion-flex-justify-content-flex-start fusion-content-layout-column\"><\/div><\/div><div class=\"fusion-layout-column fusion_builder_column fusion-builder-column-1 fusion_builder_column_2_3 2_3 fusion-flex-column\" style=\"--awb-bg-size:cover;--awb-width-large:66.666666666667%;--awb-margin-top-large:0px;--awb-spacing-right-large:2.88%;--awb-margin-bottom-large:20px;--awb-spacing-left-large:2.88%;--awb-width-medium:66.666666666667%;--awb-order-medium:0;--awb-spacing-right-medium:2.88%;--awb-spacing-left-medium:2.88%;--awb-width-small:100%;--awb-order-small:0;--awb-spacing-right-small:1.92%;--awb-spacing-left-small:1.92%;\"><div class=\"fusion-column-wrapper fusion-column-has-shadow fusion-flex-justify-content-flex-start fusion-content-layout-column\"><div class=\"fusion-text fusion-text-1\"><p>Focaccia maison avec tomates cerises, stracciatella et za&#8217;atar v\u00a0 \u00a0\u00a0\u00a0\u00a0 9<\/p>\n<p>Focaccia maison avec Jambon de Parme AOP et mozzarella di bufala \u00a0 \u00a0 \u00a0 12<\/p>\n<hr \/>\n<p>Betterave avec feta grecque, huile d&#8217;olive infus\u00e9e au piment oiseau vg \/gf\u00a0 \u00a0 \u00a0\u00a0\u00a0 13<\/p>\n<p>Maquereau flamb\u00e9 avec concombres marin\u00e9s, lait ribot breton, aneth et citron vert\u00a0 \u00a0\u00a0\u00a0 17<\/p>\n<p>\u0152uf parfait, mousse de pomme de terre et de poireau, tuile de parmesan v\u00a0 \u00a0\u00a0\u00a0 13<\/p>\n<p>Tarte tatin de tomates anciennes, mousse de mozzarella di bufala, vinaigre balsamique v \u00a0 \u00a0\u00a0\u00a0\u00a016<\/p>\n<p>Tartelette de petits pois, seiche et sauce citron \u00e0 l\u2019encre de seiche\u00a0 \u00a0\u00a0\u00a0 15<\/p>\n<p>Veau, artichauts et ail noir\u00a0 \u00a0 \u00a0 16<\/p>\n<hr \/>\n<p>Cannelloni de ricotta et aux \u00e9pinards, sauce b\u00e9chamel v \u00a0 \u00a0\u00a0\u00a0\u00a0\u00a0 \u00a0\u00a0\u00a0\u00a021<\/p>\n<p>Tortelloni farcis de bar et de blette verte avec sauce au citron\u00a0 \u00a0\u00a0\u00a0 24<\/p>\n<p>Cavatelli, mousse de carbonara et guanciale\u00a0 \u00a0 \u00a0\u00a0 \u00a022<\/p>\n<p>Gnocchi alla scapece, cr\u00e8me et chips de courgette, gel de vinaigre de pomme, stracciatelle v\u00a0 22<\/p>\n<hr \/>\n<p>Panna cotta \u00e0 la vanille, fraises, poudre de menthe et crumble au chocolat\u00a0 v gf \u00a0 \u00a0\u00a0\u00a0\u00a011<\/p>\n<p>Mille-feuille \u00e0 la cr\u00e8me de noisette v\u00a0 \u00a0\u00a0\u00a0 12<\/p>\n<p>Carpaccio de kiwi, mousse de kiwi et huile d\u2019estragon v\/gf \u00a0 \u00a0\u00a0\u00a0\u00a011<\/p>\n<h6>v \u2013 v\u00e9g\u00e9tarien \/ gf \u2013 gluten free \/ vg\u2013 vegan<\/h6>\n<\/div><\/div><\/div><\/div><\/div><div class=\"fusion-fullwidth fullwidth-box fusion-builder-row-2 fusion-flex-container has-pattern-background has-mask-background nonhundred-percent-fullwidth non-hundred-percent-height-scrolling fusion-no-medium-visibility fusion-no-large-visibility\" style=\"--awb-border-radius-top-left:0px;--awb-border-radius-top-right:0px;--awb-border-radius-bottom-right:0px;--awb-border-radius-bottom-left:0px;--awb-margin-top:30px;--awb-flex-wrap:wrap;\" ><div class=\"fusion-builder-row fusion-row fusion-flex-align-items-flex-start fusion-flex-content-wrap\" style=\"max-width:1248px;margin-left: calc(-4% \/ 2 );margin-right: calc(-4% \/ 2 );\"><div class=\"fusion-layout-column fusion_builder_column fusion-builder-column-2 fusion_builder_column_1_6 1_6 fusion-flex-column\" style=\"--awb-bg-size:cover;--awb-width-large:16.666666666667%;--awb-margin-top-large:0px;--awb-spacing-right-large:11.52%;--awb-margin-bottom-large:20px;--awb-spacing-left-large:11.52%;--awb-width-medium:16.666666666667%;--awb-order-medium:0;--awb-spacing-right-medium:11.52%;--awb-spacing-left-medium:11.52%;--awb-width-small:100%;--awb-order-small:0;--awb-spacing-right-small:1.92%;--awb-spacing-left-small:1.92%;\"><div class=\"fusion-column-wrapper fusion-column-has-shadow fusion-flex-justify-content-flex-start fusion-content-layout-column\"><\/div><\/div><div class=\"fusion-layout-column fusion_builder_column fusion-builder-column-3 fusion_builder_column_2_3 2_3 fusion-flex-column\" style=\"--awb-bg-size:cover;--awb-width-large:66.666666666667%;--awb-margin-top-large:0px;--awb-spacing-right-large:2.88%;--awb-margin-bottom-large:20px;--awb-spacing-left-large:2.88%;--awb-width-medium:66.666666666667%;--awb-order-medium:0;--awb-spacing-right-medium:2.88%;--awb-spacing-left-medium:2.88%;--awb-width-small:100%;--awb-order-small:0;--awb-spacing-right-small:1.92%;--awb-spacing-left-small:1.92%;\"><div class=\"fusion-column-wrapper fusion-column-has-shadow fusion-flex-justify-content-flex-start fusion-content-layout-column\"><div class=\"fusion-text fusion-text-2\"><p>Focaccia maison avec tomates cerises, stracciatella et za&#8217;atar v\u00a0 \u00a0\u00a0\u00a0\u00a0 9<\/p>\n<p>Focaccia maison avec Jambon de Parme AOP et mozzarella di bufala \u00a0 \u00a0 \u00a0 12<\/p>\n<hr \/>\n<p>Betterave avec feta grecque, huile d&#8217;olive infus\u00e9e au piment oiseau vg \/gf\u00a0 \u00a0 \u00a0\u00a0\u00a0 13<\/p>\n<p>Maquereau flamb\u00e9 avec concombres marin\u00e9s, lait ribot breton, aneth et citron vert\u00a0 \u00a0\u00a0\u00a0 17<\/p>\n<p>\u0152uf parfait, mousse de pomme de terre et de poireau, tuile de parmesan v\u00a0 \u00a0\u00a0\u00a0 13<\/p>\n<p>Tarte tatin de tomates anciennes, mousse de mozzarella di bufala, vinaigre balsamique v \u00a0 \u00a0\u00a0\u00a0\u00a016<\/p>\n<p>Tartelette de petits pois, seiche et sauce citron \u00e0 l\u2019encre de seiche\u00a0 \u00a0\u00a0\u00a0 15<\/p>\n<p>Veau, artichauts et ail noir\u00a0 \u00a0 \u00a0 16<\/p>\n<hr \/>\n<p>Cannelloni de ricotta et aux \u00e9pinards, sauce b\u00e9chamel v \u00a0 \u00a0\u00a0\u00a0\u00a0\u00a0 \u00a0\u00a0\u00a0\u00a021<\/p>\n<p>Tortelloni farcis de bar et de blette verte avec sauce au citron\u00a0 \u00a0\u00a0\u00a0 24<\/p>\n<p>Cavatelli, mousse de carbonara et guanciale\u00a0 \u00a0 \u00a0\u00a0 \u00a022<\/p>\n<p>Gnocchi alla scapece, cr\u00e8me et chips de courgette, gel de vinaigre de pomme, stracciatelle v\u00a0 22<\/p>\n<hr \/>\n<p>Panna cotta \u00e0 la vanille, fraises, poudre de menthe et crumble au chocolat\u00a0 v gf \u00a0 \u00a0\u00a0\u00a0\u00a011<\/p>\n<p>Mille-feuille \u00e0 la cr\u00e8me de noisette v\u00a0 \u00a0\u00a0\u00a0 12<\/p>\n<p>Carpaccio de kiwi, mousse de kiwi et huile d\u2019estragon v\/gf \u00a0 \u00a0\u00a0\u00a0\u00a011<\/p>\n<h6>v \u2013 v\u00e9g\u00e9tarien \/ gf \u2013 gluten free \/ vg\u2013 vegan<\/h6>\n<\/div><\/div><\/div><div class=\"fusion-layout-column fusion_builder_column fusion-builder-column-4 fusion_builder_column_1_6 1_6 fusion-flex-column\" style=\"--awb-bg-size:cover;--awb-width-large:16.666666666667%;--awb-margin-top-large:0px;--awb-spacing-right-large:11.52%;--awb-margin-bottom-large:20px;--awb-spacing-left-large:11.52%;--awb-width-medium:16.666666666667%;--awb-order-medium:0;--awb-spacing-right-medium:11.52%;--awb-spacing-left-medium:11.52%;--awb-width-small:100%;--awb-order-small:0;--awb-spacing-right-small:1.92%;--awb-spacing-left-small:1.92%;\"><div class=\"fusion-column-wrapper fusion-column-has-shadow fusion-flex-justify-content-flex-start fusion-content-layout-column\"><\/div><\/div><\/div><\/div><\/p>\n","protected":false},"excerpt":{"rendered":"","protected":false},"author":1,"featured_media":0,"parent":0,"menu_order":0,"comment_status":"closed","ping_status":"closed","template":"","meta":{"footnotes":""},"class_list":["post-137","page","type-page","status-publish","hentry"],"acf":[],"yoast_head":"<!-- This site is optimized with the Yoast SEO plugin v26.0 - https:\/\/yoast.com\/wordpress\/plugins\/seo\/ -->\n<title>P\u00e2tes Fra\u00eeches Pigalle Paris Italien<\/title>\n<meta name=\"description\" content=\"Le menu chez Adami change chaque semaine, avec nos p\u00e2tes fra\u00eeches et nos petites assiettes qui s&#039;adaptent aux saisons.Notre menu se compose d&#039;ap\u00e9ritifs, d&#039;antipasti et de p\u00e2tes fra\u00eeches, tous pr\u00e9par\u00e9s sur place par notre \u00e9quipe de cuisine et notre chef cuisinier.Nous proposons un menu restreint et cibl\u00e9, ce qui nous permet de consacrer plus de temps \u00e0 la recherche des bons ingr\u00e9dients et \u00e0 la cr\u00e9ation des combinaisons id\u00e9ales qui enrichissent l&#039;exp\u00e9rience culinaire de nos clients.\" \/>\n<meta name=\"robots\" content=\"index, follow, max-snippet:-1, max-image-preview:large, max-video-preview:-1\" \/>\n<link rel=\"canonical\" href=\"https:\/\/adamiparis.com\/index.php\/echantillon-de-notre-carte\/\" \/>\n<meta property=\"og:locale\" content=\"en_US\" \/>\n<meta property=\"og:type\" content=\"article\" \/>\n<meta property=\"og:title\" content=\"P\u00e2tes Fra\u00eeches Pigalle Paris Italien\" \/>\n<meta property=\"og:description\" content=\"Le menu chez Adami change chaque semaine, avec nos p\u00e2tes fra\u00eeches et nos petites assiettes qui s&#039;adaptent aux saisons.Notre menu se compose d&#039;ap\u00e9ritifs, d&#039;antipasti et de p\u00e2tes fra\u00eeches, tous pr\u00e9par\u00e9s sur place par notre \u00e9quipe de cuisine et notre chef cuisinier.Nous proposons un menu restreint et cibl\u00e9, ce qui nous permet de consacrer plus de temps \u00e0 la recherche des bons ingr\u00e9dients et \u00e0 la cr\u00e9ation des combinaisons id\u00e9ales qui enrichissent l&#039;exp\u00e9rience culinaire de nos clients.\" \/>\n<meta property=\"og:url\" content=\"https:\/\/adamiparis.com\/index.php\/echantillon-de-notre-carte\/\" \/>\n<meta property=\"og:site_name\" content=\"Adami\" \/>\n<meta property=\"article:modified_time\" content=\"2026-04-21T18:07:26+00:00\" \/>\n<meta name=\"twitter:card\" content=\"summary_large_image\" \/>\n<meta name=\"twitter:label1\" content=\"Est. reading time\" \/>\n\t<meta name=\"twitter:data1\" content=\"2 minutes\" \/>\n<script type=\"application\/ld+json\" class=\"yoast-schema-graph\">{\"@context\":\"https:\/\/schema.org\",\"@graph\":[{\"@type\":\"WebPage\",\"@id\":\"https:\/\/adamiparis.com\/index.php\/echantillon-de-notre-carte\/\",\"url\":\"https:\/\/adamiparis.com\/index.php\/echantillon-de-notre-carte\/\",\"name\":\"P\u00e2tes Fra\u00eeches Pigalle Paris Italien\",\"isPartOf\":{\"@id\":\"https:\/\/adamiparis.com\/#website\"},\"datePublished\":\"2024-02-19T20:56:17+00:00\",\"dateModified\":\"2026-04-21T18:07:26+00:00\",\"description\":\"Le menu chez Adami change chaque semaine, avec nos p\u00e2tes fra\u00eeches et nos petites assiettes qui s'adaptent aux saisons.Notre menu se compose d'ap\u00e9ritifs, d'antipasti et de p\u00e2tes fra\u00eeches, tous pr\u00e9par\u00e9s sur place par notre \u00e9quipe de cuisine et notre chef cuisinier.Nous proposons un menu restreint et cibl\u00e9, ce qui nous permet de consacrer plus de temps \u00e0 la recherche des bons ingr\u00e9dients et \u00e0 la cr\u00e9ation des combinaisons id\u00e9ales qui enrichissent l'exp\u00e9rience culinaire de nos clients.\",\"breadcrumb\":{\"@id\":\"https:\/\/adamiparis.com\/index.php\/echantillon-de-notre-carte\/#breadcrumb\"},\"inLanguage\":\"en-US\",\"potentialAction\":[{\"@type\":\"ReadAction\",\"target\":[\"https:\/\/adamiparis.com\/index.php\/echantillon-de-notre-carte\/\"]}]},{\"@type\":\"BreadcrumbList\",\"@id\":\"https:\/\/adamiparis.com\/index.php\/echantillon-de-notre-carte\/#breadcrumb\",\"itemListElement\":[{\"@type\":\"ListItem\",\"position\":1,\"name\":\"Home\",\"item\":\"https:\/\/adamiparis.com\/index.php\/en\/home\/\"},{\"@type\":\"ListItem\",\"position\":2,\"name\":\"Echantillon de Notre Carte\"}]},{\"@type\":\"WebSite\",\"@id\":\"https:\/\/adamiparis.com\/#website\",\"url\":\"https:\/\/adamiparis.com\/\",\"name\":\"Adami\",\"description\":\"\",\"publisher\":{\"@id\":\"https:\/\/adamiparis.com\/#organization\"},\"potentialAction\":[{\"@type\":\"SearchAction\",\"target\":{\"@type\":\"EntryPoint\",\"urlTemplate\":\"https:\/\/adamiparis.com\/?s={search_term_string}\"},\"query-input\":{\"@type\":\"PropertyValueSpecification\",\"valueRequired\":true,\"valueName\":\"search_term_string\"}}],\"inLanguage\":\"en-US\"},{\"@type\":\"Organization\",\"@id\":\"https:\/\/adamiparis.com\/#organization\",\"name\":\"Adami\",\"url\":\"https:\/\/adamiparis.com\/\",\"logo\":{\"@type\":\"ImageObject\",\"inLanguage\":\"en-US\",\"@id\":\"https:\/\/adamiparis.com\/#\/schema\/logo\/image\/\",\"url\":\"https:\/\/adamiparis.com\/wp-content\/uploads\/2025\/09\/Adami-Logo-002.png\",\"contentUrl\":\"https:\/\/adamiparis.com\/wp-content\/uploads\/2025\/09\/Adami-Logo-002.png\",\"width\":2404,\"height\":1058,\"caption\":\"Adami\"},\"image\":{\"@id\":\"https:\/\/adamiparis.com\/#\/schema\/logo\/image\/\"},\"sameAs\":[\"https:\/\/www.instagram.com\/adamiparis\/\"]}]}<\/script>\n<!-- \/ Yoast SEO plugin. -->","yoast_head_json":{"title":"P\u00e2tes Fra\u00eeches Pigalle Paris Italien","description":"Le menu chez Adami change chaque semaine, avec nos p\u00e2tes fra\u00eeches et nos petites assiettes qui s'adaptent aux saisons.Notre menu se compose d'ap\u00e9ritifs, d'antipasti et de p\u00e2tes fra\u00eeches, tous pr\u00e9par\u00e9s sur place par notre \u00e9quipe de cuisine et notre chef cuisinier.Nous proposons un menu restreint et cibl\u00e9, ce qui nous permet de consacrer plus de temps \u00e0 la recherche des bons ingr\u00e9dients et \u00e0 la cr\u00e9ation des combinaisons id\u00e9ales qui enrichissent l'exp\u00e9rience culinaire de nos clients.","robots":{"index":"index","follow":"follow","max-snippet":"max-snippet:-1","max-image-preview":"max-image-preview:large","max-video-preview":"max-video-preview:-1"},"canonical":"https:\/\/adamiparis.com\/index.php\/echantillon-de-notre-carte\/","og_locale":"en_US","og_type":"article","og_title":"P\u00e2tes Fra\u00eeches Pigalle Paris Italien","og_description":"Le menu chez Adami change chaque semaine, avec nos p\u00e2tes fra\u00eeches et nos petites assiettes qui s'adaptent aux saisons.Notre menu se compose d'ap\u00e9ritifs, d'antipasti et de p\u00e2tes fra\u00eeches, tous pr\u00e9par\u00e9s sur place par notre \u00e9quipe de cuisine et notre chef cuisinier.Nous proposons un menu restreint et cibl\u00e9, ce qui nous permet de consacrer plus de temps \u00e0 la recherche des bons ingr\u00e9dients et \u00e0 la cr\u00e9ation des combinaisons id\u00e9ales qui enrichissent l'exp\u00e9rience culinaire de nos clients.","og_url":"https:\/\/adamiparis.com\/index.php\/echantillon-de-notre-carte\/","og_site_name":"Adami","article_modified_time":"2026-04-21T18:07:26+00:00","twitter_card":"summary_large_image","twitter_misc":{"Est. reading time":"2 minutes"},"schema":{"@context":"https:\/\/schema.org","@graph":[{"@type":"WebPage","@id":"https:\/\/adamiparis.com\/index.php\/echantillon-de-notre-carte\/","url":"https:\/\/adamiparis.com\/index.php\/echantillon-de-notre-carte\/","name":"P\u00e2tes Fra\u00eeches Pigalle Paris Italien","isPartOf":{"@id":"https:\/\/adamiparis.com\/#website"},"datePublished":"2024-02-19T20:56:17+00:00","dateModified":"2026-04-21T18:07:26+00:00","description":"Le menu chez Adami change chaque semaine, avec nos p\u00e2tes fra\u00eeches et nos petites assiettes qui s'adaptent aux saisons.Notre menu se compose d'ap\u00e9ritifs, d'antipasti et de p\u00e2tes fra\u00eeches, tous pr\u00e9par\u00e9s sur place par notre \u00e9quipe de cuisine et notre chef cuisinier.Nous proposons un menu restreint et cibl\u00e9, ce qui nous permet de consacrer plus de temps \u00e0 la recherche des bons ingr\u00e9dients et \u00e0 la cr\u00e9ation des combinaisons id\u00e9ales qui enrichissent l'exp\u00e9rience culinaire de nos clients.","breadcrumb":{"@id":"https:\/\/adamiparis.com\/index.php\/echantillon-de-notre-carte\/#breadcrumb"},"inLanguage":"en-US","potentialAction":[{"@type":"ReadAction","target":["https:\/\/adamiparis.com\/index.php\/echantillon-de-notre-carte\/"]}]},{"@type":"BreadcrumbList","@id":"https:\/\/adamiparis.com\/index.php\/echantillon-de-notre-carte\/#breadcrumb","itemListElement":[{"@type":"ListItem","position":1,"name":"Home","item":"https:\/\/adamiparis.com\/index.php\/en\/home\/"},{"@type":"ListItem","position":2,"name":"Echantillon de Notre Carte"}]},{"@type":"WebSite","@id":"https:\/\/adamiparis.com\/#website","url":"https:\/\/adamiparis.com\/","name":"Adami","description":"","publisher":{"@id":"https:\/\/adamiparis.com\/#organization"},"potentialAction":[{"@type":"SearchAction","target":{"@type":"EntryPoint","urlTemplate":"https:\/\/adamiparis.com\/?s={search_term_string}"},"query-input":{"@type":"PropertyValueSpecification","valueRequired":true,"valueName":"search_term_string"}}],"inLanguage":"en-US"},{"@type":"Organization","@id":"https:\/\/adamiparis.com\/#organization","name":"Adami","url":"https:\/\/adamiparis.com\/","logo":{"@type":"ImageObject","inLanguage":"en-US","@id":"https:\/\/adamiparis.com\/#\/schema\/logo\/image\/","url":"https:\/\/adamiparis.com\/wp-content\/uploads\/2025\/09\/Adami-Logo-002.png","contentUrl":"https:\/\/adamiparis.com\/wp-content\/uploads\/2025\/09\/Adami-Logo-002.png","width":2404,"height":1058,"caption":"Adami"},"image":{"@id":"https:\/\/adamiparis.com\/#\/schema\/logo\/image\/"},"sameAs":["https:\/\/www.instagram.com\/adamiparis\/"]}]}},"_links":{"self":[{"href":"https:\/\/adamiparis.com\/index.php\/wp-json\/wp\/v2\/pages\/137","targetHints":{"allow":["GET"]}}],"collection":[{"href":"https:\/\/adamiparis.com\/index.php\/wp-json\/wp\/v2\/pages"}],"about":[{"href":"https:\/\/adamiparis.com\/index.php\/wp-json\/wp\/v2\/types\/page"}],"author":[{"embeddable":true,"href":"https:\/\/adamiparis.com\/index.php\/wp-json\/wp\/v2\/users\/1"}],"replies":[{"embeddable":true,"href":"https:\/\/adamiparis.com\/index.php\/wp-json\/wp\/v2\/comments?post=137"}],"version-history":[{"count":65,"href":"https:\/\/adamiparis.com\/index.php\/wp-json\/wp\/v2\/pages\/137\/revisions"}],"predecessor-version":[{"id":581,"href":"https:\/\/adamiparis.com\/index.php\/wp-json\/wp\/v2\/pages\/137\/revisions\/581"}],"wp:attachment":[{"href":"https:\/\/adamiparis.com\/index.php\/wp-json\/wp\/v2\/media?parent=137"}],"curies":[{"name":"wp","href":"https:\/\/api.w.org\/{rel}","templated":true}]}}