{"id":135,"date":"2024-02-19T20:54:06","date_gmt":"2024-02-19T20:54:06","guid":{"rendered":"https:\/\/adamiparis.com\/?page_id=135"},"modified":"2025-10-15T10:31:33","modified_gmt":"2025-10-15T10:31:33","slug":"a-propos-de-nous","status":"publish","type":"page","link":"https:\/\/adamiparis.com\/index.php\/a-propos-de-nous\/","title":{"rendered":"A propos de nous"},"content":{"rendered":"<p><div class=\"fusion-fullwidth fullwidth-box fusion-builder-row-1 fusion-flex-container has-pattern-background has-mask-background nonhundred-percent-fullwidth non-hundred-percent-height-scrolling fusion-no-small-visibility\" style=\"--awb-border-radius-top-left:0px;--awb-border-radius-top-right:0px;--awb-border-radius-bottom-right:0px;--awb-border-radius-bottom-left:0px;--awb-margin-top:200px;--awb-margin-bottom:100px;--awb-background-color:#ffffff;--awb-flex-wrap:wrap;\" ><div class=\"fusion-builder-row fusion-row fusion-flex-align-items-flex-start fusion-flex-content-wrap\" style=\"max-width:1248px;margin-left: calc(-4% \/ 2 );margin-right: calc(-4% \/ 2 );\"><div class=\"fusion-layout-column fusion_builder_column fusion-builder-column-0 fusion_builder_column_1_2 1_2 fusion-flex-column fusion-flex-align-self-center\" style=\"--awb-bg-size:cover;--awb-width-large:50%;--awb-margin-top-large:0px;--awb-spacing-right-large:3.84%;--awb-margin-bottom-large:20px;--awb-spacing-left-large:3.84%;--awb-width-medium:50%;--awb-order-medium:0;--awb-spacing-right-medium:3.84%;--awb-spacing-left-medium:3.84%;--awb-width-small:100%;--awb-order-small:0;--awb-spacing-right-small:1.92%;--awb-spacing-left-small:1.92%;\" data-motion-effects=\"[{&quot;type&quot;:&quot;&quot;,&quot;scroll_type&quot;:&quot;transition&quot;,&quot;scroll_direction&quot;:&quot;up&quot;,&quot;transition_speed&quot;:&quot;1&quot;,&quot;fade_type&quot;:&quot;in&quot;,&quot;scale_type&quot;:&quot;up&quot;,&quot;initial_scale&quot;:&quot;1&quot;,&quot;max_scale&quot;:&quot;1.5&quot;,&quot;min_scale&quot;:&quot;0.5&quot;,&quot;initial_rotate&quot;:&quot;0&quot;,&quot;end_rotate&quot;:&quot;30&quot;,&quot;initial_blur&quot;:&quot;0&quot;,&quot;end_blur&quot;:&quot;3&quot;,&quot;start_element&quot;:&quot;top&quot;,&quot;start_viewport&quot;:&quot;bottom&quot;,&quot;end_element&quot;:&quot;bottom&quot;,&quot;end_viewport&quot;:&quot;top&quot;,&quot;mouse_effect&quot;:&quot;track&quot;,&quot;mouse_effect_direction&quot;:&quot;opposite&quot;,&quot;mouse_effect_speed&quot;:&quot;2&quot;,&quot;infinite_animation&quot;:&quot;float&quot;,&quot;infinite_animation_speed&quot;:&quot;2&quot;}]\" data-scroll-devices=\"small-visibility,medium-visibility,large-visibility\"><div class=\"fusion-column-wrapper fusion-column-has-shadow fusion-flex-justify-content-flex-start fusion-content-layout-column\"><div class=\"fusion-image-element \" style=\"--awb-aspect-ratio:1 \/ 1;--awb-margin-top:-20px;--awb-margin-right:50PX;--awb-margin-bottom:-80PX;--awb-margin-left:0PX;--awb-caption-title-font-family:var(--h2_typography-font-family);--awb-caption-title-font-weight:var(--h2_typography-font-weight);--awb-caption-title-font-style:var(--h2_typography-font-style);--awb-caption-title-size:var(--h2_typography-font-size);--awb-caption-title-transform:var(--h2_typography-text-transform);--awb-caption-title-line-height:var(--h2_typography-line-height);--awb-caption-title-letter-spacing:var(--h2_typography-letter-spacing);\"><span class=\" fusion-imageframe imageframe-none imageframe-1 hover-type-none has-aspect-ratio\"><img decoding=\"async\" width=\"683\" height=\"1024\" title=\"CC9A0598\" src=\"https:\/\/adamiparis.com\/wp-content\/uploads\/2024\/04\/CC9A0598-683x1024.jpg\" class=\"img-responsive wp-image-320 img-with-aspect-ratio\" alt srcset=\"https:\/\/adamiparis.com\/wp-content\/uploads\/2024\/04\/CC9A0598-200x300.jpg 200w, https:\/\/adamiparis.com\/wp-content\/uploads\/2024\/04\/CC9A0598-400x600.jpg 400w, https:\/\/adamiparis.com\/wp-content\/uploads\/2024\/04\/CC9A0598-600x900.jpg 600w, https:\/\/adamiparis.com\/wp-content\/uploads\/2024\/04\/CC9A0598-800x1200.jpg 800w, https:\/\/adamiparis.com\/wp-content\/uploads\/2024\/04\/CC9A0598-1200x1800.jpg 1200w, https:\/\/adamiparis.com\/wp-content\/uploads\/2024\/04\/CC9A0598.jpg 1280w\" sizes=\"(max-width: 640px) 100vw, 600px\" \/><\/span><\/div><\/div><\/div><div class=\"fusion-layout-column fusion_builder_column fusion-builder-column-1 fusion_builder_column_1_2 1_2 fusion-flex-column\" style=\"--awb-padding-top:30px;--awb-padding-right:30px;--awb-padding-bottom:30px;--awb-padding-left:30px;--awb-bg-size:cover;--awb-width-large:50%;--awb-margin-top-large:0px;--awb-spacing-right-large:3.84%;--awb-margin-bottom-large:20px;--awb-spacing-left-large:3.84%;--awb-width-medium:50%;--awb-order-medium:0;--awb-spacing-right-medium:3.84%;--awb-spacing-left-medium:3.84%;--awb-width-small:100%;--awb-order-small:0;--awb-spacing-right-small:1.92%;--awb-spacing-left-small:1.92%;\" data-motion-effects=\"[{&quot;type&quot;:&quot;&quot;,&quot;scroll_type&quot;:&quot;transition&quot;,&quot;scroll_direction&quot;:&quot;up&quot;,&quot;transition_speed&quot;:&quot;1&quot;,&quot;fade_type&quot;:&quot;in&quot;,&quot;scale_type&quot;:&quot;up&quot;,&quot;initial_scale&quot;:&quot;1&quot;,&quot;max_scale&quot;:&quot;1.5&quot;,&quot;min_scale&quot;:&quot;0.5&quot;,&quot;initial_rotate&quot;:&quot;0&quot;,&quot;end_rotate&quot;:&quot;30&quot;,&quot;initial_blur&quot;:&quot;0&quot;,&quot;end_blur&quot;:&quot;3&quot;,&quot;start_element&quot;:&quot;top&quot;,&quot;start_viewport&quot;:&quot;bottom&quot;,&quot;end_element&quot;:&quot;bottom&quot;,&quot;end_viewport&quot;:&quot;top&quot;,&quot;mouse_effect&quot;:&quot;track&quot;,&quot;mouse_effect_direction&quot;:&quot;opposite&quot;,&quot;mouse_effect_speed&quot;:&quot;2&quot;,&quot;infinite_animation&quot;:&quot;float&quot;,&quot;infinite_animation_speed&quot;:&quot;2&quot;}]\" data-scroll-devices=\"small-visibility,medium-visibility,large-visibility\"><div class=\"fusion-column-wrapper fusion-column-has-shadow fusion-flex-justify-content-flex-start fusion-content-layout-column\"><div class=\"fusion-title title fusion-title-1 fusion-sep-none fusion-title-text fusion-title-size-one\" style=\"--awb-font-size:35px;\"><h1 class=\"fusion-title-heading title-heading-left\" style=\"font-family:var(--awb-typography1-font-family);font-weight:var(--awb-typography1-font-weight);font-style:var(--awb-typography1-font-style);margin:0;font-size:1em;letter-spacing:var(--awb-typography1-letter-spacing);text-transform:var(--awb-typography1-text-transform);line-height:var(--awb-typography1-line-height);\">A propos de nous<\/h1><\/div><div class=\"fusion-text fusion-text-1\"><p>Notre petit restaurant est situ\u00e9 au c\u0153ur du quartier dynamique de Pigalle dans le 9e arrondissement, \u00e0 deux pas du <a href=\"https:\/\/www.moulinrouge.fr\/?gad_source=1&amp;gad_campaignid=199731576&amp;gbraid=0AAAAADsrrAA-tcnFyK6SsBAKMPxkiVpqA&amp;gclid=Cj0KCQjw0NPGBhCDARIsAGAzpp3rxh3PsgvdlaOZEtPqk3zqlYLZv4GPXUtFWRSQbTCqo2rJBK46i88aAkiHEALw_wcB\">Moulin Rouge<\/a>.<\/p>\n<p>Un amour profond et une passion pour les p\u00e2tes, Adami incarne une philosophie de saisonnalit\u00e9 et d\u2019approvisionnement rigoureux, avec une <a href=\"https:\/\/adamiparis.com\/index.php\/echantillon-de-notre-carte\/\">carte<\/a> qui \u00e9volue en fonction des rythmes changeants de la nature.<\/p>\n<p>Nous honorons une approche bas\u00e9e sur la lenteur de la gastronomie et un profond respect pour le parcours de nos produits. Nous fabriquons tout sur place, en travaillant avec des fournisseurs de qualit\u00e9 sup\u00e9rieure et en nous procurant des produits italiens sp\u00e9ciaux, afin de cr\u00e9er une exp\u00e9rience qui met en valeur les meilleurs ingr\u00e9dients naturels.<\/p>\n<p>Vous \u00eates invit\u00e9s \u00e0 vous asseoir au bar face \u00e0 la cuisine ouverte, sur une table individuelle dans la salle principale, ou \u00e0 la fen\u00eatre o\u00f9 vous pouvez regarder la vie se d\u00e9rouler sous vos yeux.<\/p>\n<\/div><\/div><\/div><\/div><\/div><div class=\"fusion-fullwidth fullwidth-box fusion-builder-row-2 fusion-flex-container has-pattern-background has-mask-background nonhundred-percent-fullwidth non-hundred-percent-height-scrolling fusion-no-medium-visibility fusion-no-large-visibility\" style=\"--awb-border-radius-top-left:0px;--awb-border-radius-top-right:0px;--awb-border-radius-bottom-right:0px;--awb-border-radius-bottom-left:0px;--awb-padding-right:40px;--awb-padding-left:40px;--awb-margin-top:50px;--awb-margin-bottom:50px;--awb-background-color:#ffffff;--awb-flex-wrap:wrap;\" ><div class=\"fusion-builder-row fusion-row fusion-flex-align-items-flex-start fusion-flex-content-wrap\" style=\"max-width:1248px;margin-left: calc(-4% \/ 2 );margin-right: calc(-4% \/ 2 );\"><div class=\"fusion-layout-column fusion_builder_column fusion-builder-column-2 fusion_builder_column_1_1 1_1 fusion-flex-column\" style=\"--awb-bg-size:cover;--awb-width-large:100%;--awb-margin-top-large:0px;--awb-spacing-right-large:1.92%;--awb-margin-bottom-large:20px;--awb-spacing-left-large:1.92%;--awb-width-medium:100%;--awb-order-medium:0;--awb-spacing-right-medium:1.92%;--awb-spacing-left-medium:1.92%;--awb-width-small:100%;--awb-order-small:0;--awb-spacing-right-small:1.92%;--awb-spacing-left-small:1.92%;\"><div class=\"fusion-column-wrapper fusion-column-has-shadow fusion-flex-justify-content-flex-start fusion-content-layout-column\"><div class=\"fusion-image-element \" style=\"--awb-aspect-ratio:1 \/ 1;--awb-object-position:16% 52%;--awb-margin-top:-20px;--awb-caption-title-font-family:var(--h2_typography-font-family);--awb-caption-title-font-weight:var(--h2_typography-font-weight);--awb-caption-title-font-style:var(--h2_typography-font-style);--awb-caption-title-size:var(--h2_typography-font-size);--awb-caption-title-transform:var(--h2_typography-text-transform);--awb-caption-title-line-height:var(--h2_typography-line-height);--awb-caption-title-letter-spacing:var(--h2_typography-letter-spacing);\"><span class=\" fusion-imageframe imageframe-none imageframe-2 hover-type-none has-aspect-ratio\"><img decoding=\"async\" width=\"683\" height=\"1024\" title=\"CC9A0598\" src=\"https:\/\/adamiparis.com\/wp-content\/uploads\/2024\/04\/CC9A0598-683x1024.jpg\" class=\"img-responsive wp-image-320 img-with-aspect-ratio\" alt srcset=\"https:\/\/adamiparis.com\/wp-content\/uploads\/2024\/04\/CC9A0598-200x300.jpg 200w, https:\/\/adamiparis.com\/wp-content\/uploads\/2024\/04\/CC9A0598-400x600.jpg 400w, https:\/\/adamiparis.com\/wp-content\/uploads\/2024\/04\/CC9A0598-600x900.jpg 600w, https:\/\/adamiparis.com\/wp-content\/uploads\/2024\/04\/CC9A0598-800x1200.jpg 800w, https:\/\/adamiparis.com\/wp-content\/uploads\/2024\/04\/CC9A0598-1200x1800.jpg 1200w, https:\/\/adamiparis.com\/wp-content\/uploads\/2024\/04\/CC9A0598.jpg 1280w\" sizes=\"(max-width: 640px) 100vw, 1200px\" \/><\/span><\/div><div class=\"fusion-title title fusion-title-2 fusion-sep-none fusion-title-center fusion-title-text fusion-title-size-one\" style=\"--awb-margin-top:20px;--awb-margin-bottom:20px;--awb-font-size:35px;\"><h1 class=\"fusion-title-heading title-heading-center\" style=\"font-family:var(--awb-typography1-font-family);font-weight:var(--awb-typography1-font-weight);font-style:var(--awb-typography1-font-style);margin:0;font-size:1em;letter-spacing:var(--awb-typography1-letter-spacing);text-transform:var(--awb-typography1-text-transform);line-height:var(--awb-typography1-line-height);\"><p style=\"text-align: center;\">A propos de nous<\/p><\/h1><\/div><div class=\"fusion-text fusion-text-2\"><p>Notre petit restaurant est situ\u00e9 au c\u0153ur du quartier dynamique de Pigalle dans le 9e arrondissement, \u00e0 deux pas du <a href=\"https:\/\/www.moulinrouge.fr\/?gad_source=1&amp;gad_campaignid=199731576&amp;gbraid=0AAAAADsrrAA-tcnFyK6SsBAKMPxkiVpqA&amp;gclid=Cj0KCQjw0NPGBhCDARIsAGAzpp3rxh3PsgvdlaOZEtPqk3zqlYLZv4GPXUtFWRSQbTCqo2rJBK46i88aAkiHEALw_wcB\">Moulin Rouge<\/a>.<\/p>\n<p>Un amour profond et une passion pour les p\u00e2tes, Adami incarne une philosophie de saisonnalit\u00e9 et d\u2019approvisionnement rigoureux, avec une <a href=\"https:\/\/adamiparis.com\/index.php\/echantillon-de-notre-carte\/\">carte<\/a> qui \u00e9volue en fonction des rythmes changeants de la nature.<\/p>\n<p>Nous honorons une approche bas\u00e9e sur la lenteur de la gastronomie et un profond respect pour le parcours de nos produits. Nous fabriquons tout sur place, en travaillant avec des fournisseurs de qualit\u00e9 sup\u00e9rieure et en nous procurant des produits italiens sp\u00e9ciaux, afin de cr\u00e9er une exp\u00e9rience qui met en valeur les meilleurs ingr\u00e9dients naturels.<\/p>\n<p>Vous \u00eates invit\u00e9s \u00e0 vous asseoir au bar face \u00e0 la cuisine ouverte, sur une table individuelle dans la salle principale, ou \u00e0 la fen\u00eatre o\u00f9 vous pouvez regarder la vie se d\u00e9rouler sous vos yeux.<\/p>\n<\/div><\/div><\/div><\/div><\/div><\/p>\n","protected":false},"excerpt":{"rendered":"","protected":false},"author":1,"featured_media":0,"parent":0,"menu_order":0,"comment_status":"closed","ping_status":"closed","template":"","meta":{"footnotes":""},"class_list":["post-135","page","type-page","status-publish","hentry"],"acf":[],"yoast_head":"<!-- This site is optimized with the Yoast SEO plugin v26.0 - https:\/\/yoast.com\/wordpress\/plugins\/seo\/ -->\n<title>Restaurant italien p\u00e2tes Pigalle Paris<\/title>\n<meta name=\"description\" content=\"Adami, situ\u00e9 \u00e0 Pigalle (dans Paris 9) et \u00e0 deux pas du Moulin Rouge, est un restaurant semi-gastronomique ax\u00e9 sur des p\u00e2tes fra\u00eeches faites maison et des petites assiettes raffin\u00e9es accompagn\u00e9es de vins europ\u00e9ens et des cocktails italiens faisant partie d&#039;un petit menu \u00e9volutif. Restaurant italien p\u00e2tes Pigalle Paris.\" \/>\n<meta name=\"robots\" content=\"index, follow, max-snippet:-1, max-image-preview:large, max-video-preview:-1\" \/>\n<link rel=\"canonical\" href=\"https:\/\/adamiparis.com\/index.php\/a-propos-de-nous\/\" \/>\n<meta property=\"og:locale\" content=\"en_US\" \/>\n<meta property=\"og:type\" content=\"article\" \/>\n<meta property=\"og:title\" content=\"Restaurant italien p\u00e2tes Pigalle Paris\" \/>\n<meta property=\"og:description\" content=\"Adami, situ\u00e9 \u00e0 Pigalle (dans Paris 9) et \u00e0 deux pas du Moulin Rouge, est un restaurant semi-gastronomique ax\u00e9 sur des p\u00e2tes fra\u00eeches faites maison et des petites assiettes raffin\u00e9es accompagn\u00e9es de vins europ\u00e9ens et des cocktails italiens faisant partie d&#039;un petit menu \u00e9volutif. Restaurant italien p\u00e2tes Pigalle Paris.\" \/>\n<meta property=\"og:url\" content=\"https:\/\/adamiparis.com\/index.php\/a-propos-de-nous\/\" \/>\n<meta property=\"og:site_name\" content=\"Adami\" \/>\n<meta property=\"article:modified_time\" content=\"2025-10-15T10:31:33+00:00\" \/>\n<meta name=\"twitter:card\" content=\"summary_large_image\" \/>\n<meta name=\"twitter:label1\" content=\"Est. reading time\" \/>\n\t<meta name=\"twitter:data1\" content=\"2 minutes\" \/>\n<script type=\"application\/ld+json\" class=\"yoast-schema-graph\">{\"@context\":\"https:\/\/schema.org\",\"@graph\":[{\"@type\":\"WebPage\",\"@id\":\"https:\/\/adamiparis.com\/index.php\/a-propos-de-nous\/\",\"url\":\"https:\/\/adamiparis.com\/index.php\/a-propos-de-nous\/\",\"name\":\"Restaurant italien p\u00e2tes Pigalle Paris\",\"isPartOf\":{\"@id\":\"https:\/\/adamiparis.com\/#website\"},\"datePublished\":\"2024-02-19T20:54:06+00:00\",\"dateModified\":\"2025-10-15T10:31:33+00:00\",\"description\":\"Adami, situ\u00e9 \u00e0 Pigalle (dans Paris 9) et \u00e0 deux pas du Moulin Rouge, est un restaurant semi-gastronomique ax\u00e9 sur des p\u00e2tes fra\u00eeches faites maison et des petites assiettes raffin\u00e9es accompagn\u00e9es de vins europ\u00e9ens et des cocktails italiens faisant partie d'un petit menu \u00e9volutif. Restaurant italien p\u00e2tes Pigalle Paris.\",\"breadcrumb\":{\"@id\":\"https:\/\/adamiparis.com\/index.php\/a-propos-de-nous\/#breadcrumb\"},\"inLanguage\":\"en-US\",\"potentialAction\":[{\"@type\":\"ReadAction\",\"target\":[\"https:\/\/adamiparis.com\/index.php\/a-propos-de-nous\/\"]}]},{\"@type\":\"BreadcrumbList\",\"@id\":\"https:\/\/adamiparis.com\/index.php\/a-propos-de-nous\/#breadcrumb\",\"itemListElement\":[{\"@type\":\"ListItem\",\"position\":1,\"name\":\"Home\",\"item\":\"https:\/\/adamiparis.com\/index.php\/en\/home\/\"},{\"@type\":\"ListItem\",\"position\":2,\"name\":\"A propos de nous\"}]},{\"@type\":\"WebSite\",\"@id\":\"https:\/\/adamiparis.com\/#website\",\"url\":\"https:\/\/adamiparis.com\/\",\"name\":\"Adami\",\"description\":\"\",\"publisher\":{\"@id\":\"https:\/\/adamiparis.com\/#organization\"},\"potentialAction\":[{\"@type\":\"SearchAction\",\"target\":{\"@type\":\"EntryPoint\",\"urlTemplate\":\"https:\/\/adamiparis.com\/?s={search_term_string}\"},\"query-input\":{\"@type\":\"PropertyValueSpecification\",\"valueRequired\":true,\"valueName\":\"search_term_string\"}}],\"inLanguage\":\"en-US\"},{\"@type\":\"Organization\",\"@id\":\"https:\/\/adamiparis.com\/#organization\",\"name\":\"Adami\",\"url\":\"https:\/\/adamiparis.com\/\",\"logo\":{\"@type\":\"ImageObject\",\"inLanguage\":\"en-US\",\"@id\":\"https:\/\/adamiparis.com\/#\/schema\/logo\/image\/\",\"url\":\"https:\/\/adamiparis.com\/wp-content\/uploads\/2025\/09\/Adami-Logo-002.png\",\"contentUrl\":\"https:\/\/adamiparis.com\/wp-content\/uploads\/2025\/09\/Adami-Logo-002.png\",\"width\":2404,\"height\":1058,\"caption\":\"Adami\"},\"image\":{\"@id\":\"https:\/\/adamiparis.com\/#\/schema\/logo\/image\/\"},\"sameAs\":[\"https:\/\/www.instagram.com\/adamiparis\/\"]}]}<\/script>\n<!-- \/ Yoast SEO plugin. -->","yoast_head_json":{"title":"Restaurant italien p\u00e2tes Pigalle Paris","description":"Adami, situ\u00e9 \u00e0 Pigalle (dans Paris 9) et \u00e0 deux pas du Moulin Rouge, est un restaurant semi-gastronomique ax\u00e9 sur des p\u00e2tes fra\u00eeches faites maison et des petites assiettes raffin\u00e9es accompagn\u00e9es de vins europ\u00e9ens et des cocktails italiens faisant partie d'un petit menu \u00e9volutif. Restaurant italien p\u00e2tes Pigalle Paris.","robots":{"index":"index","follow":"follow","max-snippet":"max-snippet:-1","max-image-preview":"max-image-preview:large","max-video-preview":"max-video-preview:-1"},"canonical":"https:\/\/adamiparis.com\/index.php\/a-propos-de-nous\/","og_locale":"en_US","og_type":"article","og_title":"Restaurant italien p\u00e2tes Pigalle Paris","og_description":"Adami, situ\u00e9 \u00e0 Pigalle (dans Paris 9) et \u00e0 deux pas du Moulin Rouge, est un restaurant semi-gastronomique ax\u00e9 sur des p\u00e2tes fra\u00eeches faites maison et des petites assiettes raffin\u00e9es accompagn\u00e9es de vins europ\u00e9ens et des cocktails italiens faisant partie d'un petit menu \u00e9volutif. Restaurant italien p\u00e2tes Pigalle Paris.","og_url":"https:\/\/adamiparis.com\/index.php\/a-propos-de-nous\/","og_site_name":"Adami","article_modified_time":"2025-10-15T10:31:33+00:00","twitter_card":"summary_large_image","twitter_misc":{"Est. reading time":"2 minutes"},"schema":{"@context":"https:\/\/schema.org","@graph":[{"@type":"WebPage","@id":"https:\/\/adamiparis.com\/index.php\/a-propos-de-nous\/","url":"https:\/\/adamiparis.com\/index.php\/a-propos-de-nous\/","name":"Restaurant italien p\u00e2tes Pigalle Paris","isPartOf":{"@id":"https:\/\/adamiparis.com\/#website"},"datePublished":"2024-02-19T20:54:06+00:00","dateModified":"2025-10-15T10:31:33+00:00","description":"Adami, situ\u00e9 \u00e0 Pigalle (dans Paris 9) et \u00e0 deux pas du Moulin Rouge, est un restaurant semi-gastronomique ax\u00e9 sur des p\u00e2tes fra\u00eeches faites maison et des petites assiettes raffin\u00e9es accompagn\u00e9es de vins europ\u00e9ens et des cocktails italiens faisant partie d'un petit menu \u00e9volutif. Restaurant italien p\u00e2tes Pigalle Paris.","breadcrumb":{"@id":"https:\/\/adamiparis.com\/index.php\/a-propos-de-nous\/#breadcrumb"},"inLanguage":"en-US","potentialAction":[{"@type":"ReadAction","target":["https:\/\/adamiparis.com\/index.php\/a-propos-de-nous\/"]}]},{"@type":"BreadcrumbList","@id":"https:\/\/adamiparis.com\/index.php\/a-propos-de-nous\/#breadcrumb","itemListElement":[{"@type":"ListItem","position":1,"name":"Home","item":"https:\/\/adamiparis.com\/index.php\/en\/home\/"},{"@type":"ListItem","position":2,"name":"A propos de nous"}]},{"@type":"WebSite","@id":"https:\/\/adamiparis.com\/#website","url":"https:\/\/adamiparis.com\/","name":"Adami","description":"","publisher":{"@id":"https:\/\/adamiparis.com\/#organization"},"potentialAction":[{"@type":"SearchAction","target":{"@type":"EntryPoint","urlTemplate":"https:\/\/adamiparis.com\/?s={search_term_string}"},"query-input":{"@type":"PropertyValueSpecification","valueRequired":true,"valueName":"search_term_string"}}],"inLanguage":"en-US"},{"@type":"Organization","@id":"https:\/\/adamiparis.com\/#organization","name":"Adami","url":"https:\/\/adamiparis.com\/","logo":{"@type":"ImageObject","inLanguage":"en-US","@id":"https:\/\/adamiparis.com\/#\/schema\/logo\/image\/","url":"https:\/\/adamiparis.com\/wp-content\/uploads\/2025\/09\/Adami-Logo-002.png","contentUrl":"https:\/\/adamiparis.com\/wp-content\/uploads\/2025\/09\/Adami-Logo-002.png","width":2404,"height":1058,"caption":"Adami"},"image":{"@id":"https:\/\/adamiparis.com\/#\/schema\/logo\/image\/"},"sameAs":["https:\/\/www.instagram.com\/adamiparis\/"]}]}},"_links":{"self":[{"href":"https:\/\/adamiparis.com\/index.php\/wp-json\/wp\/v2\/pages\/135","targetHints":{"allow":["GET"]}}],"collection":[{"href":"https:\/\/adamiparis.com\/index.php\/wp-json\/wp\/v2\/pages"}],"about":[{"href":"https:\/\/adamiparis.com\/index.php\/wp-json\/wp\/v2\/types\/page"}],"author":[{"embeddable":true,"href":"https:\/\/adamiparis.com\/index.php\/wp-json\/wp\/v2\/users\/1"}],"replies":[{"embeddable":true,"href":"https:\/\/adamiparis.com\/index.php\/wp-json\/wp\/v2\/comments?post=135"}],"version-history":[{"count":10,"href":"https:\/\/adamiparis.com\/index.php\/wp-json\/wp\/v2\/pages\/135\/revisions"}],"predecessor-version":[{"id":483,"href":"https:\/\/adamiparis.com\/index.php\/wp-json\/wp\/v2\/pages\/135\/revisions\/483"}],"wp:attachment":[{"href":"https:\/\/adamiparis.com\/index.php\/wp-json\/wp\/v2\/media?parent=135"}],"curies":[{"name":"wp","href":"https:\/\/api.w.org\/{rel}","templated":true}]}}